{"id":15,"date":"2020-11-26T10:50:57","date_gmt":"2020-11-26T13:50:57","guid":{"rendered":"https:\/\/dantasenasserala.com\/blog\/?page_id=15"},"modified":"2024-07-02T12:29:54","modified_gmt":"2024-07-02T15:29:54","slug":"contato","status":"publish","type":"page","link":"https:\/\/dantasenasserala.com\/blog\/contato\/","title":{"rendered":"Contato"},"content":{"rendered":"\n<h3 class=\"wp-block-heading\">Endere\u00e7o<\/h3>\n\n\n\n<p>Rua Rio I\u00e7a, 25, QD 35 Cj. Vieiralves &#8211; Nossa Senhora das Gra\u00e7as<br>Manaus \/ AM &#8211; CEP: 69053-100<\/p>\n\n\n\n<h3 class=\"wp-block-heading\">E-mail<\/h3>\n\n\n\n<p><a href=\"mailto:contato@dantasenasserala.com\">contato@dantasenasserala.com<\/a><\/p>\n\n\n\n<h3 class=\"wp-block-heading\">Telefone<\/h3>\n\n\n\n<p><a href=\"tel:559233079230\">(92) 4102-8701<\/a><\/p>\n\n\n\n<h3 class=\"wp-block-heading\">Nossa Localiza\u00e7\u00e3o<\/h3>\n\n\n\n<iframe loading=\"lazy\" src=\"https:\/\/www.google.com\/maps\/embed?pb=!1m14!1m8!1m3!1d3983.965798136965!2d-60.02451778457538!3d-3.103742671601434!3m2!1i1024!2i768!4f13.1!3m3!1m2!1s0x0%3A0xd73610cb112b2b73!2sDantas%20%26%20Nasserala%20Consultoria%20Empresarial!5e0!3m2!1spt-BR!2sbr!4v1606398740972!5m2!1spt-BR!2sbr\" width=\"100%\" height=\"300\" frameborder=\"0\" style=\"border:0;\" allowfullscreen=\"\" aria-hidden=\"false\" tabindex=\"0\"><\/iframe>\n","protected":false},"excerpt":{"rendered":"<p>Endere\u00e7o Rua Rio I\u00e7a, 25, QD 35 Cj. Vieiralves &#8211; Nossa Senhora das Gra\u00e7asManaus \/ AM &#8211; CEP: 69053-100 E-mail contato@dantasenasserala.com Telefone (92) 4102-8701 Nossa Localiza\u00e7\u00e3o<\/p>\n","protected":false},"author":1,"featured_media":0,"parent":0,"menu_order":0,"comment_status":"closed","ping_status":"closed","template":"","meta":{"footnotes":""},"class_list":["post-15","page","type-page","status-publish","hentry"],"_links":{"self":[{"href":"https:\/\/dantasenasserala.com\/blog\/wp-json\/wp\/v2\/pages\/15","targetHints":{"allow":["GET"]}}],"collection":[{"href":"https:\/\/dantasenasserala.com\/blog\/wp-json\/wp\/v2\/pages"}],"about":[{"href":"https:\/\/dantasenasserala.com\/blog\/wp-json\/wp\/v2\/types\/page"}],"author":[{"embeddable":true,"href":"https:\/\/dantasenasserala.com\/blog\/wp-json\/wp\/v2\/users\/1"}],"replies":[{"embeddable":true,"href":"https:\/\/dantasenasserala.com\/blog\/wp-json\/wp\/v2\/comments?post=15"}],"version-history":[{"count":3,"href":"https:\/\/dantasenasserala.com\/blog\/wp-json\/wp\/v2\/pages\/15\/revisions"}],"predecessor-version":[{"id":49,"href":"https:\/\/dantasenasserala.com\/blog\/wp-json\/wp\/v2\/pages\/15\/revisions\/49"}],"wp:attachment":[{"href":"https:\/\/dantasenasserala.com\/blog\/wp-json\/wp\/v2\/media?parent=15"}],"curies":[{"name":"wp","href":"https:\/\/api.w.org\/{rel}","templated":true}]}}